{"id":2078,"date":"2014-06-02T00:48:58","date_gmt":"2014-06-02T07:48:58","guid":{"rendered":"http:\/\/www.dognmonkey.com\/svlife\/?page_id=2078"},"modified":"2025-06-29T11:33:43","modified_gmt":"2025-06-29T18:33:43","slug":"about-silicon-valley-living","status":"publish","type":"page","link":"https:\/\/www.dognmonkey.com\/svlifevn\/about-silicon-valley-living","title":{"rendered":"V\u00e0i L\u1eddi V\u1ec1 Thung L\u0169ng Hoa V\u00e0ng"},"content":{"rendered":"<p style=\"text-align: center;\"><em>M\u00ecnh d\u1ecdn t\u1edbi Thung L\u0169ng Hoa V\u00e0ng (Silicon Valley-Sunnyvale) n\u0103m 2000 t\u1eeb Lake Forest, Orange County \u0111i l\u00e0m cho m\u1ed9t h\u00e3ng \u0111i\u1ec7n t\u1eed m\u1edbi v\u1edbi ng\u01b0\u1eddi th\u1ea7y c\u0169. V\u1eeba \u0111\u1eb7t ch\u00e2n t\u1edbi \u0111\u00e2y m\u00ecnh \u0111\u00e3 kh\u00f4ng ch\u1ecbu \u0111\u01b0\u01a1c m\u1ecdi th\u1ee9 \u1edf \u0111\u00e2y cho t\u1edbi khi m\u00ecnh g\u1eb7p \u0111\u01b0\u01a1c b\u00e0 x\u00e3. M\u00ecnh lu\u00f4n lu\u00f4n ngh\u0129 r\u1eb1ng khi l\u1eadp gia \u0111\u00ecnh, m\u00ecnh ph\u1ea3i gi\u1ebft m\u1ed9t ph\u1ea7n c\u1ee7a con ng\u01b0\u1eddi m\u00ecnh \u0111\u1ec3 ph\u00f9 h\u1ee3p v\u1edbi gia \u0111\u00ecnh m\u1edbi v\u00ec s\u1ed1ng trong m\u1ed9t gia \u0111\u00ecnh \u0111\u1ea7m \u1ea5m, m\u00ecnh kh\u00f4ng \u0111\u01b0\u1ee3c \u00edch k\u1ef7 v\u00e0 ch\u1ec9 bi\u1ebft m\u00ecnh m\u00e0 th\u00f4i. \u00a0Tr\u01b0\u1edbc khi l\u1ea5y nhau, m\u00ecnh c\u00f3 h\u1ee9a s\u1ebd vi\u1ebft v\u1ec1 \u0111\u1eddi s\u1ed1ng h\u1ea1nh ph\u00fac c\u1ee7a m\u00ecnh cho con ch\u00e1u \u0111\u1ecdc. C\u00f3 th\u1ec3 n\u00f3i nh\u1eefng trang n\u00e0y n\u00f3i l\u00ean s\u1ef1 t\u1ea1o l\u1eadp m\u1ed9t gia \u0111\u00ecnh t\u1ed1t \u1edf \u0111\u1ea5t M\u1ef9, thung l\u0169ng hoa v\u00e0ng.<\/em><\/p>\n<p style=\"text-align: center;\"><a href=\"https:\/\/www.dognmonkey.com\/svlifevn\/wp-content\/uploads\/z_DECXMAS06.jpg\"><img loading=\"lazy\" decoding=\"async\" class=\"alignnone size-full wp-image-5980\" src=\"https:\/\/www.dognmonkey.com\/svlifevn\/wp-content\/uploads\/z_DECXMAS06.jpg\" alt=\"xmas2006\" width=\"399\" height=\"600\" srcset=\"https:\/\/www.dognmonkey.com\/svlifevn\/wp-content\/uploads\/z_DECXMAS06.jpg 399w, https:\/\/www.dognmonkey.com\/svlifevn\/wp-content\/uploads\/z_DECXMAS06-200x300.jpg 200w\" sizes=\"auto, (max-width: 399px) 100vw, 399px\" \/><\/a><\/p>\n","protected":false},"excerpt":{"rendered":"<p>M\u00ecnh d\u1ecdn t\u1edbi Thung L\u0169ng Hoa V\u00e0ng (Silicon Valley-Sunnyvale) n\u0103m 2000 t\u1eeb Lake Forest, Orange County \u0111i l\u00e0m cho m\u1ed9t h\u00e3ng \u0111i\u1ec7n t\u1eed m\u1edbi v\u1edbi ng\u01b0\u1eddi th\u1ea7y c\u0169. V\u1eeba \u0111\u1eb7t ch\u00e2n t\u1edbi \u0111\u00e2y m\u00ecnh \u0111\u00e3 kh\u00f4ng ch\u1ecbu \u0111\u01b0\u01a1c m\u1ecdi th\u1ee9 \u1edf \u0111\u00e2y cho t\u1edbi khi m\u00ecnh g\u1eb7p \u0111\u01b0\u01a1c b\u00e0 x\u00e3. M\u00ecnh lu\u00f4n lu\u00f4n ngh\u0129 r\u1eb1ng <a href=\"https:\/\/www.dognmonkey.com\/svlifevn\/about-silicon-valley-living\" class=\"more-link\">&#8230;<\/a><\/p>\n","protected":false},"author":1,"featured_media":0,"parent":0,"menu_order":0,"comment_status":"open","ping_status":"open","template":"","meta":{"footnotes":""},"class_list":["post-2078","page","type-page","status-publish","hentry"],"_links":{"self":[{"href":"https:\/\/www.dognmonkey.com\/svlifevn\/wp-json\/wp\/v2\/pages\/2078","targetHints":{"allow":["GET"]}}],"collection":[{"href":"https:\/\/www.dognmonkey.com\/svlifevn\/wp-json\/wp\/v2\/pages"}],"about":[{"href":"https:\/\/www.dognmonkey.com\/svlifevn\/wp-json\/wp\/v2\/types\/page"}],"author":[{"embeddable":true,"href":"https:\/\/www.dognmonkey.com\/svlifevn\/wp-json\/wp\/v2\/users\/1"}],"replies":[{"embeddable":true,"href":"https:\/\/www.dognmonkey.com\/svlifevn\/wp-json\/wp\/v2\/comments?post=2078"}],"version-history":[{"count":5,"href":"https:\/\/www.dognmonkey.com\/svlifevn\/wp-json\/wp\/v2\/pages\/2078\/revisions"}],"predecessor-version":[{"id":7362,"href":"https:\/\/www.dognmonkey.com\/svlifevn\/wp-json\/wp\/v2\/pages\/2078\/revisions\/7362"}],"wp:attachment":[{"href":"https:\/\/www.dognmonkey.com\/svlifevn\/wp-json\/wp\/v2\/media?parent=2078"}],"curies":[{"name":"wp","href":"https:\/\/api.w.org\/{rel}","templated":true}]}}